{"id":1960,"date":"2024-08-21T09:50:22","date_gmt":"2024-08-21T08:50:22","guid":{"rendered":"https:\/\/dcfa.al\/shtypi\/"},"modified":"2025-05-14T17:45:05","modified_gmt":"2025-05-14T16:45:05","slug":"press","status":"publish","type":"page","link":"https:\/\/dcfa.al\/en\/press\/","title":{"rendered":"Press"},"content":{"rendered":"<p style=\"\"><span data-shortcode=\"tcb_post_published_date\" data-shortcode-name=\"Post date\" data-extra_key=\"\" data-attr-type=\"published\" data-attr-date-format-select=\"F j, Y\" data-attr-date-format=\"F j, Y\" data-attr-show-time=\"0\" data-attr-time-format-select=\"g:i a\" data-attr-time-format=\"\" data-attr-link=\"0\" data-attr-target=\"1\" data-attr-rel=\"0\" data-option-inline=\"1\">January 21, 2025 <\/span><\/p>\n<p><a href=\"https:\/\/dcfa.al\/?p=3833\" dynamic-postlink=\"tcb_post_the_permalink\" data-shortcode-id=\"3061\" tabindex=\"0\" data-wpel-link=\"internal\"><\/a><\/p>\n<h2 style=\"\"><span data-shortcode=\"tcb_post_title\" data-shortcode-name=\"Post title\" data-extra_key=\"\" data-attr-link=\"1\" data-attr-target=\"0\" data-attr-rel=\"0\" data-option-inline=\"1\" data-attr-static-link=\"{&quot;className&quot;:&quot;&quot;,&quot;href&quot;:&quot;https:\/\/dcfa.al\/?p=3833&quot;,&quot;title&quot;:&quot;Tirananews.al \u2013 Dyrrah City avancon me talentet! \u201cZbor\u201dn\u00eb Angli dhe n\u00eb Emirate&quot;,&quot;data-css&quot;:&quot;tve-u-1917e349bba&quot;,&quot;class&quot;:&quot;&quot;}\" data-attr-css=\"tve-u-1917e349bba\"><a href=\"https:\/\/dcfa.al\/?p=3833\" title=\"Tirananews.al \u2013 Dyrrah City avancon me talentet! \u201cZbor\u201dn\u00eb Angli dhe n\u00eb Emirate\">Tirananews.al \u2013 Dyrrah City avancon me talentet! \u201cZbor\u201dn\u00eb Angli dhe n\u00eb Emirate<\/a><\/span><\/h2>\n<p style=\"\"><span data-shortcode=\"tcb_post_published_date\" data-shortcode-name=\"Post date\" data-extra_key=\"\" data-attr-type=\"published\" data-attr-date-format-select=\"F j, Y\" data-attr-date-format=\"F j, Y\" data-attr-show-time=\"0\" data-attr-time-format-select=\"g:i a\" data-attr-time-format=\"\" data-attr-link=\"0\" data-attr-target=\"1\" data-attr-rel=\"0\" data-option-inline=\"1\">January 21, 2025 <\/span><\/p>\n<p><a href=\"https:\/\/dcfa.al\/?p=3824\" dynamic-postlink=\"tcb_post_the_permalink\" data-shortcode-id=\"3061\" tabindex=\"0\" data-wpel-link=\"internal\"><\/a><\/p>\n<h2 style=\"\"><span data-shortcode=\"tcb_post_title\" data-shortcode-name=\"Post title\" data-extra_key=\"\" data-attr-link=\"1\" data-attr-target=\"0\" data-attr-rel=\"0\" data-option-inline=\"1\" data-attr-static-link=\"{&quot;className&quot;:&quot;&quot;,&quot;href&quot;:&quot;https:\/\/dcfa.al\/?p=3833&quot;,&quot;title&quot;:&quot;Tirananews.al \u2013 Dyrrah City avancon me talentet! \u201cZbor\u201dn\u00eb Angli dhe n\u00eb Emirate&quot;,&quot;data-css&quot;:&quot;tve-u-1917e349bba&quot;,&quot;class&quot;:&quot;&quot;}\" data-attr-css=\"tve-u-1917e349bba\"><a href=\"https:\/\/dcfa.al\/?p=3824\" title=\"Report-tv.al \u2013 Eventi i madh i Manchester City, Shqip\u00ebria p\u00ebrfaq\u00ebsohet n\u00eb Abu Dhabi me \u2018Dyrrah Cityn\u2019! Mund\u00ebsi p\u00ebr talentet e rinj\">Report-tv.al \u2013 Eventi i madh i Manchester City, Shqip\u00ebria p\u00ebrfaq\u00ebsohet n\u00eb Abu Dhabi me \u2018Dyrrah Cityn\u2019! Mund\u00ebsi p\u00ebr talentet e rinj<\/a><\/span><\/h2>\n<p style=\"\"><span data-shortcode=\"tcb_post_published_date\" data-shortcode-name=\"Post date\" data-extra_key=\"\" data-attr-type=\"published\" data-attr-date-format-select=\"F j, Y\" data-attr-date-format=\"F j, Y\" data-attr-show-time=\"0\" data-attr-time-format-select=\"g:i a\" data-attr-time-format=\"\" data-attr-link=\"0\" data-attr-target=\"1\" data-attr-rel=\"0\" data-option-inline=\"1\">January 21, 2025 <\/span><\/p>\n<p><a href=\"https:\/\/dcfa.al\/?p=3817\" dynamic-postlink=\"tcb_post_the_permalink\" data-shortcode-id=\"3061\" tabindex=\"0\" data-wpel-link=\"internal\"><\/a><\/p>\n<h2 style=\"\"><span data-shortcode=\"tcb_post_title\" data-shortcode-name=\"Post title\" data-extra_key=\"\" data-attr-link=\"1\" data-attr-target=\"0\" data-attr-rel=\"0\" data-option-inline=\"1\" data-attr-static-link=\"{&quot;className&quot;:&quot;&quot;,&quot;href&quot;:&quot;https:\/\/dcfa.al\/?p=3833&quot;,&quot;title&quot;:&quot;Tirananews.al \u2013 Dyrrah City avancon me talentet! \u201cZbor\u201dn\u00eb Angli dhe n\u00eb Emirate&quot;,&quot;data-css&quot;:&quot;tve-u-1917e349bba&quot;,&quot;class&quot;:&quot;&quot;}\" data-attr-css=\"tve-u-1917e349bba\"><a href=\"https:\/\/dcfa.al\/?p=3817\" title=\"Shqiptarja.com \u2013 Eventi i madh i Manchester City, Shqip\u00ebria p\u00ebrfaq\u00ebsohet n\u00eb Abu Dhabi me \u2018Dyrrah Cityn\u2019! Mund\u00ebsi p\u00ebr talentet e rinj\">Shqiptarja.com \u2013 Eventi i madh i Manchester City, Shqip\u00ebria p\u00ebrfaq\u00ebsohet n\u00eb Abu Dhabi me \u2018Dyrrah Cityn\u2019! Mund\u00ebsi p\u00ebr talentet e rinj<\/a><\/span><\/h2>\n<p style=\"\"><span data-shortcode=\"tcb_post_published_date\" data-shortcode-name=\"Post date\" data-extra_key=\"\" data-attr-type=\"published\" data-attr-date-format-select=\"F j, Y\" data-attr-date-format=\"F j, Y\" data-attr-show-time=\"0\" data-attr-time-format-select=\"g:i a\" data-attr-time-format=\"\" data-attr-link=\"0\" data-attr-target=\"1\" data-attr-rel=\"0\" data-option-inline=\"1\">January 21, 2025 <\/span><\/p>\n<p><a href=\"https:\/\/dcfa.al\/?p=3808\" dynamic-postlink=\"tcb_post_the_permalink\" data-shortcode-id=\"3061\" tabindex=\"0\" data-wpel-link=\"internal\"><\/a><\/p>\n<h2 style=\"\"><span data-shortcode=\"tcb_post_title\" data-shortcode-name=\"Post title\" data-extra_key=\"\" data-attr-link=\"1\" data-attr-target=\"0\" data-attr-rel=\"0\" data-option-inline=\"1\" data-attr-static-link=\"{&quot;className&quot;:&quot;&quot;,&quot;href&quot;:&quot;https:\/\/dcfa.al\/?p=3833&quot;,&quot;title&quot;:&quot;Tirananews.al \u2013 Dyrrah City avancon me talentet! \u201cZbor\u201dn\u00eb Angli dhe n\u00eb Emirate&quot;,&quot;data-css&quot;:&quot;tve-u-1917e349bba&quot;,&quot;class&quot;:&quot;&quot;}\" data-attr-css=\"tve-u-1917e349bba\"><a href=\"https:\/\/dcfa.al\/?p=3808\" title=\"BalkanWeb \u2013 Dyrrah City p\u00ebrparon me promovimin e talenteve, \u201czbor\u201dn\u00eb Angli dhe n\u00eb Emirate\">BalkanWeb \u2013 Dyrrah City p\u00ebrparon me promovimin e talenteve, \u201czbor\u201dn\u00eb Angli dhe n\u00eb Emirate<\/a><\/span><\/h2>\n<p style=\"\"><span data-shortcode=\"tcb_post_published_date\" data-shortcode-name=\"Post date\" data-extra_key=\"\" data-attr-type=\"published\" data-attr-date-format-select=\"F j, Y\" data-attr-date-format=\"F j, Y\" data-attr-show-time=\"0\" data-attr-time-format-select=\"g:i a\" data-attr-time-format=\"\" data-attr-link=\"0\" data-attr-target=\"1\" data-attr-rel=\"0\" data-option-inline=\"1\">January 21, 2025 <\/span><\/p>\n<p><a href=\"https:\/\/dcfa.al\/?p=3798\" dynamic-postlink=\"tcb_post_the_permalink\" data-shortcode-id=\"3061\" tabindex=\"0\" data-wpel-link=\"internal\"><\/a><\/p>\n<h2 style=\"\"><span data-shortcode=\"tcb_post_title\" data-shortcode-name=\"Post title\" data-extra_key=\"\" data-attr-link=\"1\" data-attr-target=\"0\" data-attr-rel=\"0\" data-option-inline=\"1\" data-attr-static-link=\"{&quot;className&quot;:&quot;&quot;,&quot;href&quot;:&quot;https:\/\/dcfa.al\/?p=3833&quot;,&quot;title&quot;:&quot;Tirananews.al \u2013 Dyrrah City avancon me talentet! \u201cZbor\u201dn\u00eb Angli dhe n\u00eb Emirate&quot;,&quot;data-css&quot;:&quot;tve-u-1917e349bba&quot;,&quot;class&quot;:&quot;&quot;}\" data-attr-css=\"tve-u-1917e349bba\"><a href=\"https:\/\/dcfa.al\/?p=3798\" title=\"A2News \u2013 \u201cDyrrah City\u201d avancon me talentet! \u201cZbor\u201d n\u00eb Angli dhe n\u00eb Emirate\">A2News \u2013 \u201cDyrrah City\u201d avancon me talentet! \u201cZbor\u201d n\u00eb Angli dhe n\u00eb Emirate<\/a><\/span><\/h2>\n<p style=\"\"><span data-shortcode=\"tcb_post_published_date\" data-shortcode-name=\"Post date\" data-extra_key=\"\" data-attr-type=\"published\" data-attr-date-format-select=\"F j, Y\" data-attr-date-format=\"F j, Y\" data-attr-show-time=\"0\" data-attr-time-format-select=\"g:i a\" data-attr-time-format=\"\" data-attr-link=\"0\" data-attr-target=\"1\" data-attr-rel=\"0\" data-option-inline=\"1\">January 21, 2025 <\/span><\/p>\n<p><a href=\"https:\/\/dcfa.al\/?p=3785\" dynamic-postlink=\"tcb_post_the_permalink\" data-shortcode-id=\"3061\" tabindex=\"0\" data-wpel-link=\"internal\"><\/a><\/p>\n<h2 style=\"\"><span data-shortcode=\"tcb_post_title\" data-shortcode-name=\"Post title\" data-extra_key=\"\" data-attr-link=\"1\" data-attr-target=\"0\" data-attr-rel=\"0\" data-option-inline=\"1\" data-attr-static-link=\"{&quot;className&quot;:&quot;&quot;,&quot;href&quot;:&quot;https:\/\/dcfa.al\/?p=3833&quot;,&quot;title&quot;:&quot;Tirananews.al \u2013 Dyrrah City avancon me talentet! \u201cZbor\u201dn\u00eb Angli dhe n\u00eb Emirate&quot;,&quot;data-css&quot;:&quot;tve-u-1917e349bba&quot;,&quot;class&quot;:&quot;&quot;}\" data-attr-css=\"tve-u-1917e349bba\"><a href=\"https:\/\/dcfa.al\/?p=3785\" title=\"Radar.al \u2013 Dyrrah City avancon me talentet! \u201cZbor\u201dn\u00eb Angli dhe n\u00eb Emirate\">Radar.al \u2013 Dyrrah City avancon me talentet! \u201cZbor\u201dn\u00eb Angli dhe n\u00eb Emirate<\/a><\/span><\/h2>\n<p style=\"\"><span data-shortcode=\"tcb_post_published_date\" data-shortcode-name=\"Post date\" data-extra_key=\"\" data-attr-type=\"published\" data-attr-date-format-select=\"F j, Y\" data-attr-date-format=\"F j, Y\" data-attr-show-time=\"0\" data-attr-time-format-select=\"g:i a\" data-attr-time-format=\"\" data-attr-link=\"0\" data-attr-target=\"1\" data-attr-rel=\"0\" data-option-inline=\"1\">October 29, 2024 <\/span><\/p>\n<p><a href=\"https:\/\/dcfa.al\/en\/?p=3061\" dynamic-postlink=\"tcb_post_the_permalink\" data-shortcode-id=\"3061\" tabindex=\"0\" data-wpel-link=\"internal\"><\/a><\/p>\n<h2 style=\"\"><span data-shortcode=\"tcb_post_title\" data-shortcode-name=\"Post title\" data-extra_key=\"\" data-attr-link=\"1\" data-attr-target=\"0\" data-attr-rel=\"0\" data-option-inline=\"1\" data-attr-static-link=\"{&quot;className&quot;:&quot;&quot;,&quot;href&quot;:&quot;https:\/\/dcfa.al\/?p=3833&quot;,&quot;title&quot;:&quot;Tirananews.al \u2013 Dyrrah City avancon me talentet! \u201cZbor\u201dn\u00eb Angli dhe n\u00eb Emirate&quot;,&quot;data-css&quot;:&quot;tve-u-1917e349bba&quot;,&quot;class&quot;:&quot;&quot;}\" data-attr-css=\"tve-u-1917e349bba\"><a href=\"https:\/\/dcfa.al\/en\/?p=3061\" title=\"Manchester City\u2019s cups are exhibited in Albania, where can you see them?\">Manchester City\u2019s cups are exhibited in Albania, where can you see them?<\/a><\/span><\/h2>\n<p style=\"\"><span data-shortcode=\"tcb_post_published_date\" data-shortcode-name=\"Post date\" data-extra_key=\"\" data-attr-type=\"published\" data-attr-date-format-select=\"F j, Y\" data-attr-date-format=\"F j, Y\" data-attr-show-time=\"0\" data-attr-time-format-select=\"g:i a\" data-attr-time-format=\"\" data-attr-link=\"0\" data-attr-target=\"1\" data-attr-rel=\"0\" data-option-inline=\"1\">October 29, 2024 <\/span><\/p>\n<p><a href=\"https:\/\/dcfa.al\/en\/?p=3061\" dynamic-postlink=\"tcb_post_the_permalink\" data-shortcode-id=\"3061\" tabindex=\"0\" data-wpel-link=\"internal\"><\/a><\/p>\n<h2 style=\"\"><span data-shortcode=\"tcb_post_title\" data-shortcode-name=\"Post title\" data-extra_key=\"\" data-attr-link=\"1\" data-attr-target=\"0\" data-attr-rel=\"0\" data-option-inline=\"1\" data-attr-static-link=\"{&quot;className&quot;:&quot;&quot;,&quot;href&quot;:&quot;https:\/\/dcfa.al\/?p=3833&quot;,&quot;title&quot;:&quot;Tirananews.al \u2013 Dyrrah City avancon me talentet! \u201cZbor\u201dn\u00eb Angli dhe n\u00eb Emirate&quot;,&quot;data-css&quot;:&quot;tve-u-1917e349bba&quot;,&quot;class&quot;:&quot;&quot;}\" data-attr-css=\"tve-u-1917e349bba\"><a href=\"https:\/\/dcfa.al\/en\/?p=3061\" title=\"Kupat e Manchester City ekspozohen n\u00eb Shqip\u00ebri, ku mund t\u2019i shihni?\">Kupat e Manchester City ekspozohen n\u00eb Shqip\u00ebri, ku mund t\u2019i shihni?<\/a><\/span><\/h2>\n<p>Page  <span data-extra_key=\"\" data-shortcode=\"tcb_pagination_current_page\" data-shortcode-name=\"Current page number\">[tcb_pagination_current_page]<\/span>   of  <span data-extra_key=\"\" data-shortcode=\"tcb_pagination_total_pages\" data-shortcode-name=\"Total number of pages\">[tcb_pagination_total_pages]<\/span> <\/p>\n<p data-button_layout=\"text\" data-page=\"1\"><a href=\"#\"><span><span><\/span><\/span><span><span>First<\/span><\/span><\/a><\/p>\n<p data-button_layout=\"icon\" data-page=\"0\"><a href=\"#\"><span><span><\/span><\/span><span><span>Previous<\/span><\/span><\/a><\/p>\n<p data-button_layout=\"icon\" data-page=\"2\"><a href=\"#\"><span><span><\/span><\/span><span><span>Next<\/span><\/span><\/a><\/p>\n<p data-button_layout=\"text\" data-page=\"14\"><a href=\"#\"><span><span><\/span><\/span><span><span>Last<\/span><\/span><\/a><\/p>\n","protected":false},"excerpt":{"rendered":"<p>January 21, 2025 Tirananews.al \u2013 Dyrrah City avancon me talentet! \u201cZbor\u201dn\u00eb Angli dhe n\u00eb Emirate January 21, 2025 Report-tv.al \u2013 Eventi i madh i Manchester City, Shqip\u00ebria p\u00ebrfaq\u00ebsohet n\u00eb Abu [&hellip;]<\/p>\n","protected":false},"author":1,"featured_media":0,"parent":0,"menu_order":0,"comment_status":"closed","ping_status":"closed","template":"","meta":{"_acf_changed":false,"_seopress_robots_primary_cat":"","_seopress_titles_title":"","_seopress_titles_desc":"","_seopress_robots_index":"","inline_featured_image":false,"_uag_custom_page_level_css":"","footnotes":""},"class_list":["post-1960","page","type-page","status-publish","hentry","post-wrapper","thrv_wrapper"],"acf":[],"uagb_featured_image_src":{"full":false,"thumbnail":false,"medium":false,"medium_large":false,"large":false,"1536x1536":false,"2048x2048":false,"woocommerce_thumbnail":false,"woocommerce_single":false,"woocommerce_gallery_thumbnail":false},"uagb_author_info":{"display_name":"admin","author_link":"https:\/\/dcfa.al\/en\/author\/infra_n6g2v6dd\/"},"uagb_comment_info":0,"uagb_excerpt":"January 21, 2025 Tirananews.al \u2013 Dyrrah City avancon me talentet! \u201cZbor\u201dn\u00eb Angli dhe n\u00eb Emirate January 21, 2025 Report-tv.al \u2013 Eventi i madh i Manchester City, Shqip\u00ebria p\u00ebrfaq\u00ebsohet n\u00eb Abu [&hellip;]","_links":{"self":[{"href":"https:\/\/dcfa.al\/en\/wp-json\/wp\/v2\/pages\/1960","targetHints":{"allow":["GET"]}}],"collection":[{"href":"https:\/\/dcfa.al\/en\/wp-json\/wp\/v2\/pages"}],"about":[{"href":"https:\/\/dcfa.al\/en\/wp-json\/wp\/v2\/types\/page"}],"author":[{"embeddable":true,"href":"https:\/\/dcfa.al\/en\/wp-json\/wp\/v2\/users\/1"}],"replies":[{"embeddable":true,"href":"https:\/\/dcfa.al\/en\/wp-json\/wp\/v2\/comments?post=1960"}],"version-history":[{"count":0,"href":"https:\/\/dcfa.al\/en\/wp-json\/wp\/v2\/pages\/1960\/revisions"}],"wp:attachment":[{"href":"https:\/\/dcfa.al\/en\/wp-json\/wp\/v2\/media?parent=1960"}],"curies":[{"name":"wp","href":"https:\/\/api.w.org\/{rel}","templated":true}]}}