{"id":6722,"date":"2025-02-21T11:13:05","date_gmt":"2025-02-21T10:13:05","guid":{"rendered":"https:\/\/dcfa.al\/kryefaqja\/"},"modified":"2025-07-29T11:23:29","modified_gmt":"2025-07-29T09:23:29","slug":"kryefaqja","status":"publish","type":"page","link":"https:\/\/dcfa.al\/en\/","title":{"rendered":"Home"},"content":{"rendered":"<h1 style=\"text-align: center;\"><span>DYRRAH CITY FOOTBALL ACADEMY<\/span><\/h1>\n<p style=\"text-align: center;\">Our focus is on the development of children, training them to Manchester City standards to build their skills, character and passion for football!<\/p>\n<h4 style=\"text-align: center;\">NEWS<\/h4>\n<p><a href=\"https:\/\/dcfa.al\/en\/\" dynamic-postlink=\"tcb_post_the_permalink\" data-shortcode-id=\"9290\" data-wpel-link=\"internal\"><\/a><\/p>\n<h2 style=\"text-align: center;\"><span data-shortcode=\"tcb_post_title\" data-shortcode-name=\"Post title\" data-extra_key=\"\" data-attr-link=\"1\" data-attr-target=\"0\" data-attr-rel=\"0\" data-option-inline=\"1\" style=\"\" data-attr-static-link=\"{&quot;className&quot;:&quot;&quot;,&quot;href&quot;:&quot;https:\/\/dcfa.al\/en\/call-for-proposals\/&quot;,&quot;title&quot;:&quot;Call for Proposals&quot;,&quot;data-css&quot;:&quot;tve-u-195b3a214a1&quot;,&quot;class&quot;:&quot;&quot;}\" data-attr-css=\"tve-u-195b3a214a1\"><a href=\"https:\/\/dcfa.al\/en\/\" title=\"Home\">Home<\/a><\/span><\/h2>\n<p>DYRRAH CITY FOOTBALL ACADEMYOur focus is on the development of children, training them to Manchester City standards to build their <a href=\"https:\/\/dcfa.al\/#more-6722\">&#8230;<\/a><\/p>\n<h4 style=\"text-align: center;\">UPCOMING EVENTS<\/h4>\n<p><a href=\"https:\/\/dcfa.al\/en\/event\/summer-camp\/\" dynamic-postlink=\"tcb_post_the_permalink\" data-shortcode-id=\"8805\" data-wpel-link=\"internal\"><\/a><\/p>\n<h2 style=\"text-align: center;\"><span data-shortcode=\"tcb_post_title\" data-shortcode-name=\"Post title\" data-extra_key=\"\" data-attr-link=\"1\" data-attr-target=\"0\" data-attr-rel=\"0\" data-option-inline=\"1\" style=\"\" data-attr-static-link=\"{&quot;className&quot;:&quot;&quot;,&quot;href&quot;:&quot;https:\/\/dcfa.al\/en\/event\/summer-camp\/&quot;,&quot;title&quot;:&quot;Summer Camp&quot;,&quot;data-css&quot;:&quot;tve-u-195b3a227e7&quot;,&quot;class&quot;:&quot;&quot;}\" data-attr-css=\"tve-u-195b3a227e7\"><a href=\"https:\/\/dcfa.al\/en\/event\/summer-camp\/\" title=\"Summer Camp\">Summer Camp<\/a><\/span><\/h2>\n<p>Mbyllja e sezonit vjen me energjin\u00eb e ver\u00ebs dhe nj\u00eb program q\u00eb nd\u00ebrthur st\u00ebrvitjen, arg\u00ebtimin dhe miq\u00ebsin\u00eb. Summer Camp-i i <a href=\"https:\/\/dcfa.al\/en\/event\/summer-camp\/#more-10933\">&#8230;<\/a><\/p>\n<h4 style=\"text-align: center;\">LATEST BLOG<\/h4>\n<p><a href=\"https:\/\/dcfa.al\/en\/\" dynamic-postlink=\"tcb_post_the_permalink\" data-shortcode-id=\"6477\" data-wpel-link=\"internal\"><\/a><\/p>\n<h2 style=\"text-align: center;\"><span data-shortcode=\"tcb_post_title\" data-shortcode-name=\"Post title\" data-extra_key=\"\" data-attr-link=\"1\" data-attr-target=\"0\" data-attr-rel=\"0\" data-option-inline=\"1\" style=\"\" data-attr-static-link=\"{&quot;className&quot;:&quot;&quot;,&quot;href&quot;:&quot;https:\/\/dcfa.al\/en\/si-te-forconi-kycet-per-nje-performance-me-te-mire-ne-fushe\/&quot;,&quot;title&quot;:&quot;How to Strengthen Your Joints for Better Performance on the Field&quot;,&quot;data-css&quot;:&quot;tve-u-19585e311c0&quot;,&quot;class&quot;:&quot;&quot;}\" data-attr-css=\"tve-u-19585e311c0\"><a href=\"https:\/\/dcfa.al\/en\/\" title=\"Home\">Home<\/a><\/span><\/h2>\n<p>DYRRAH CITY FOOTBALL ACADEMYOur focus is on the development of children, training them to Manchester City standards to build their <a href=\"https:\/\/dcfa.al\/#more-6722\">&#8230;<\/a><\/p>\n<h2 style=\"text-align: center; color: rgb(0, 39, 92) !important; --tcb-applied-color: rgb(0, 39, 92) !important;\">NURTURING TALENTS, SHAPING FUTURES<\/h2>\n<p><span><img decoding=\"async\" alt=\"Trajneret\" data-id=\"6044\" width=\"1160\" data-init-width=\"1200\" height=\"337\" data-init-height=\"349\" title=\"Foto Sektor MCFS x DCFA-02\" loading=\"lazy\" src=\"https:\/\/dcfa.al\/wp-content\/uploads\/2025\/03\/Foto-Sektor-MCFS-x-DCFA-02.jpg\" data-width=\"1160\" data-height=\"337\" style=\"aspect-ratio: auto 1200 \/ 349;\"><\/span><span><img decoding=\"async\" alt=\"LOGOS DCFA &amp; MC\" data-id=\"6045\" width=\"448\" data-init-width=\"5067\" height=\"117\" data-init-height=\"1324\" title=\"LOGOS DCFA &amp; MC\" loading=\"lazy\" src=\"https:\/\/dcfa.al\/wp-content\/uploads\/2025\/03\/LOGOS-DCFA-MC-scaled.png\" data-width=\"448\" data-height=\"117\" style=\"aspect-ratio: auto 5067 \/ 1324;\"><\/span><\/p>\n<p style=\"text-align: justify;\">At Dyrrah City Football Academy, we are privileged to have three Manchester City qualified coaches on staff who are committed to implementing the Football School programme with our children. They bring the experience and knowledge of an elite international club, ensuring that training is delivered to the highest standards of global football.<\/p>\n<p>\u201cOver the past year, we have worked with our colleagues at DCFA to create a genuine and credible Manchester City Football School and Academy programme in Durres, with three Manchester coaches relocating to Albania. Most importantly, we have created a safe and positive environment for players, coaches and staff. We have built the foundations of a project that can provide a platform for Albania\u2019s players and coaches to realise their dreams in the future.\u201d<\/p>\n<p style=\"\"><strong>&#8211; Gavin Rhodes<\/strong><\/p>\n<p style=\"color: rgba(255, 255, 255, 0.8) !important; --tcb-applied-color: rgba(255, 255, 255, 0.8) !important;\">Head of Football Development Football Education<\/p>\n<p><!--! Font Awesome Free 6.7.1 by @fontawesome - https:\/\/fontawesome.com License - https:\/\/fontawesome.com\/license\/free (Icons: CC BY 4.0, Fonts: SIL OFL 1.1, Code: MIT License) Copyright 2024 Fonticons, Inc. --><\/p>\n<h2 style=\"\">WHY DYRRAH CITY FA<\/h2>\n<ul>\n<li style=\"\"><span style=\"\">The only one in Albania with the Manchester City Football School program.<\/span><\/li>\n<li style=\"\"><span style=\"\">Certified child safety officer.<\/span><\/li>\n<li style=\"\"><span style=\"\">Foreign coaches with a focus on player progress.<\/span><\/li>\n<li style=\"\"><span style=\"\">High standards and safe environment.<\/span><\/li>\n<\/ul>\n<p><span style=\"\"><img decoding=\"async\" alt=\"\" data-id=\"5975\" width=\"487\" data-init-width=\"1440\" height=\"325\" data-init-height=\"962\" title=\"Running\" loading=\"lazy\" src=\"https:\/\/dcfa.al\/wp-content\/uploads\/2025\/03\/Running.jpg\" data-width=\"487\" data-height=\"325\" style=\"aspect-ratio: auto 1440 \/ 962;\" ml-d=\"0\" mt-d=\"0\" center-h-d=\"false\" ml-m=\"0\" mt-m=\"0\" ml-t=\"0\" mt-t=\"0\"><\/span><\/p>\n<h2 style=\"\">DYRRAH CITY OVER ONE YEAR<\/h2>\n<p style=\"text-align: left; font-size: 20px !important;\"><strong>150<\/strong><\/p>\n<p style=\"text-align: left;\">Registered children<\/p>\n<p style=\"text-align: left; font-size: 20px !important;\"><strong>10.000<\/strong><\/p>\n<p style=\"text-align: left;\">Participant in activities<\/p>\n<p style=\"text-align: left; font-size: 20px !important;\"><strong>1:7<\/strong><\/p>\n<p style=\"text-align: left;\">Child:coach ratio<\/p>\n<p style=\"text-align: left; font-size: 20px !important;\"><strong>3<\/strong><\/p>\n<p style=\"text-align: left;\">Participation in international tournaments<\/p>\n<h2 style=\"text-align: center;\"><span style=\"\">OUR COACHES<\/span><\/h2>\n<p style=\"text-align: justify;\">DCFA boasts a highly qualified sports staff, including three international coaches from the Manchester City Football School. With experience and modern coaching methodologies, they help develop our players to the highest standards of European football!<\/p>\n<h5 style=\"text-align: center;\"><strong>Ben Graham<\/strong><\/h5>\n<p style=\"text-align: center;\">Head Coach (Manchester City Football School)<\/p>\n<h5 style=\"text-align: center;\">Klevis Dalipi<\/h5>\n<p style=\"text-align: center;\">Head Coach (DCFA)<\/p>\n<h5 style=\"text-align: center;\"><strong><strong>Jack Johnson<\/strong><\/strong><\/h5>\n<p style=\"text-align: center;\">Assistant Head Coach (Manchester City Football School)<\/p>\n<h5 style=\"text-align: center;\"><strong><strong>Elton Kodra<\/strong><\/strong><\/h5>\n<p style=\"text-align: center;\">Physical Training Specialist (DCFA)<\/p>\n<p><span><a href=\"https:\/\/sigal.com.al\/\" target=\"_blank\" data-wpel-link=\"external\" rel=\"external noopener noreferrer\"><img decoding=\"async\" alt=\"SIGAL banner\" data-id=\"6050\" width=\"1160\" data-init-width=\"2186\" height=\"777\" data-init-height=\"1464\" title=\"Banner Dyrrahu 360x240-01\" loading=\"lazy\" src=\"https:\/\/dcfa.al\/wp-content\/uploads\/2025\/03\/Banner-Dyrrahu-360x240-01.jpg\" style=\"aspect-ratio: auto 2186 \/ 1464;\" data-width=\"1160\" data-height=\"777\" data-link-wrap=\"true\"><\/a><\/span><span><a href=\"https:\/\/sigal.com.al\/\" target=\"_blank\" data-wpel-link=\"external\" rel=\"external noopener noreferrer\"><img decoding=\"async\" alt=\"Banner Dyrrahu\" data-id=\"6065\" width=\"1160\" data-init-width=\"2560\" height=\"387\" data-init-height=\"854\" title=\"Banner Dyrrahu 360x120\" loading=\"lazy\" src=\"https:\/\/dcfa.al\/wp-content\/uploads\/2025\/03\/Banner-Dyrrahu-360x120-2-scaled.jpg\" data-width=\"1160\" data-height=\"387\" style=\"aspect-ratio: auto 2560 \/ 854;\" data-link-wrap=\"true\"><\/a><\/span><\/p>\n<h2 style=\"text-align: center;\">OUR PARTNERS<\/h2>\n<p><a href=\"https:\/\/sigal.com.al\/\" target=\"_blank\" rel=\"nofollow external noopener noreferrer\" data-wpel-link=\"external\"><\/a><\/p>\n<h2 style=\"text-align: center;\">What do parents say about us?<\/h2>\n<p><!--! Font Awesome Free 6.7.1 by @fontawesome - https:\/\/fontawesome.com License - https:\/\/fontawesome.com\/license\/free (Icons: CC BY 4.0, Fonts: SIL OFL 1.1, Code: MIT License) Copyright 2024 Fonticons, Inc. --><\/p>\n<p style=\"text-align: left;\"><span style=\"--tcb-applied-color: var$(--tcb-color-1) !important; color: var(--tcb-color-1) !important; font-size: 14px !important;\">&#8220;As a parent of an U17 player at Dyrrah City Football Academy, I have seen the commitment, professionalism and care that the coaches and staff bring to every training session. Our children are happy and we feel confident that they are developing in an environment dedicated to their success&#8221;<\/span><\/p>\n<p style=\"\">&#8211; PARENT AT U17<\/p>\n<p><!--! Font Awesome Free 6.7.1 by @fontawesome - https:\/\/fontawesome.com License - https:\/\/fontawesome.com\/license\/free (Icons: CC BY 4.0, Fonts: SIL OFL 1.1, Code: MIT License) Copyright 2024 Fonticons, Inc. --><\/p>\n<p style=\"\"><span style=\"--tcb-applied-color: var$(--tcb-color-1) !important; color: var(--tcb-color-1) !important; font-size: 14px !important;\">&#8220;As a parent, I am extremely pleased with my son&#8217;s progress at Dyrrah City Football Academy. He has been to another academy before, but he really feels at home here. The way he has been treated and developed has made him feel happier and more motivated than ever!&#8221;<\/span><\/p>\n<p style=\"\">&#8211; PARENT AT U17<\/p>\n<p><!--! Font Awesome Free 6.7.1 by @fontawesome - https:\/\/fontawesome.com License - https:\/\/fontawesome.com\/license\/free (Icons: CC BY 4.0, Fonts: SIL OFL 1.1, Code: MIT License) Copyright 2024 Fonticons, Inc. --><\/p>\n<p style=\"\"><span style=\"--tcb-applied-color: var$(--tcb-color-1) !important; color: var(--tcb-color-1) !important; font-size: 14px !important;\">&#8220;I have seen the commitment, professionalism, and care that the coaches and staff bring to every practice. Our children are happy and we feel confident that they are developing in an environment dedicated to their success.&#8221;<\/span><\/p>\n<p style=\"\">&#8211; PARENT AT U17<\/p>\n<p><!--! Font Awesome Free 6.7.1 by @fontawesome - https:\/\/fontawesome.com License - https:\/\/fontawesome.com\/license\/free (Icons: CC BY 4.0, Fonts: SIL OFL 1.1, Code: MIT License) Copyright 2024 Fonticons, Inc. --><\/p>\n<p><span style=\"font-family: &quot;Gotham Book Dytesore&quot;; --tcb-applied-color: var$(--tcb-color-1) !important; color: var(--tcb-color-1) !important; font-size: 14px !important;\">&#8220;Congratulations to the staff for organizing! You are a super staff and you have super coaches.Thank you for everything you do for our children, without you it wouldn&#8217;t be possible.&#8221;<\/span><\/p>\n<p style=\"\">&#8211; PARENT AT U10<\/p>\n<h2 style=\"text-align: center;\">Instagram<\/h2>\n<p><!-- Elfsight Instagram Feed | DCFA Instagram Feed -->[tcb-script src=&#8221;https:\/\/static.elfsight.com\/platform\/platform.js&#8221; async=&#8221;&#8221;][\/tcb-script]<\/p>\n","protected":false},"excerpt":{"rendered":"<p>DYRRAH CITY FOOTBALL ACADEMY Our focus is on the development of children, training them to Manchester City standards to build their skills, character and passion for football! NEWS Home DYRRAH [&hellip;]<\/p>\n","protected":false},"author":2,"featured_media":0,"parent":0,"menu_order":0,"comment_status":"closed","ping_status":"closed","template":"","meta":{"_acf_changed":false,"_seopress_robots_primary_cat":"","_seopress_titles_title":"","_seopress_titles_desc":"Fokusi yn\u00eb \u00ebsht\u00eb zhvillimi i f\u00ebmij\u00ebve, duke i trajnuar me standardet e Manchester City p\u00ebr t\u00eb nd\u00ebrtuar aft\u00ebsit\u00eb, karakterin dhe pasionin e tyre p\u00ebr futbollin!","_seopress_robots_index":"","inline_featured_image":false,"_uag_custom_page_level_css":"","footnotes":""},"class_list":["post-6722","page","type-page","status-publish","hentry","post-wrapper","thrv_wrapper"],"acf":[],"uagb_featured_image_src":{"full":false,"thumbnail":false,"medium":false,"medium_large":false,"large":false,"1536x1536":false,"2048x2048":false,"woocommerce_thumbnail":false,"woocommerce_single":false,"woocommerce_gallery_thumbnail":false},"uagb_author_info":{"display_name":"Admin","author_link":"https:\/\/dcfa.al\/en\/author\/elvis-2\/"},"uagb_comment_info":0,"uagb_excerpt":"DYRRAH CITY FOOTBALL ACADEMY Our focus is on the development of children, training them to Manchester City standards to build their skills, character and passion for football! NEWS Home DYRRAH [&hellip;]","_links":{"self":[{"href":"https:\/\/dcfa.al\/en\/wp-json\/wp\/v2\/pages\/6722","targetHints":{"allow":["GET"]}}],"collection":[{"href":"https:\/\/dcfa.al\/en\/wp-json\/wp\/v2\/pages"}],"about":[{"href":"https:\/\/dcfa.al\/en\/wp-json\/wp\/v2\/types\/page"}],"author":[{"embeddable":true,"href":"https:\/\/dcfa.al\/en\/wp-json\/wp\/v2\/users\/2"}],"replies":[{"embeddable":true,"href":"https:\/\/dcfa.al\/en\/wp-json\/wp\/v2\/comments?post=6722"}],"version-history":[{"count":0,"href":"https:\/\/dcfa.al\/en\/wp-json\/wp\/v2\/pages\/6722\/revisions"}],"wp:attachment":[{"href":"https:\/\/dcfa.al\/en\/wp-json\/wp\/v2\/media?parent=6722"}],"curies":[{"name":"wp","href":"https:\/\/api.w.org\/{rel}","templated":true}]}}