{"id":10790,"date":"2025-07-03T16:54:23","date_gmt":"2025-07-03T14:54:23","guid":{"rendered":"https:\/\/dcfa.al\/?post_type=product&#038;p=10790"},"modified":"2025-07-04T15:53:32","modified_gmt":"2025-07-04T13:53:32","slug":"tarife-pjesore-regjistrimi-ne-event","status":"publish","type":"product","link":"https:\/\/dcfa.al\/en\/prod\/tarife-pjesore-regjistrimi-ne-event\/","title":{"rendered":"K\u00ebsti 1 &#8211; Tarif\u00eb pjesore regjistrimi n\u00eb event"},"content":{"rendered":"","protected":false},"excerpt":{"rendered":"<ul>\n<li>Pjes\u00ebmarrje n\u00eb nj\u00eb nga turnet\u00eb m\u00eb prestigjioze t\u00eb Europ\u00ebs p\u00ebr grupmosh\u00ebn U11<\/li>\n<li>Ballafaqim me ekipe nd\u00ebrkomb\u00ebtare dhe rritje p\u00ebrmes konkurrenc\u00ebs<\/li>\n<li>Edukim, p\u00ebrballje me kultura t\u00eb ndryshme, dhe zhvillim karakteri<\/li>\n<\/ul>\n<p><span style=\"color: #ff0000;\"><strong>Kujdes: Afati i pages\u00ebs s\u00eb k\u00ebstit 1 \u00ebsht\u00eb data: 10 korrik 2025. <\/strong><\/span><\/p>\n<p><span style=\"color: #ff0000;\"><strong>Kujdes: Ky k\u00ebst nuk do mund t\u00eb rimbursohet!<\/strong><\/span><\/p>\n","protected":false},"featured_media":10787,"template":"","meta":{"_acf_changed":false,"_seopress_robots_primary_cat":"none","_seopress_titles_title":"K\u00ebsti 1 - Tarif\u00eb pjesore regjistrimi n\u00eb event","_seopress_titles_desc":"Pjes\u00ebmarrje n\u00eb nj\u00eb nga turnet\u00eb m\u00eb prestigjioze t\u00eb Europ\u00ebs p\u00ebr grupmosh\u00ebn U11\r\nBallafaqim me ekipe nd\u00ebrkomb\u00ebtare dhe rritje p\u00ebrmes konkurrenc\u00ebs\r\nEdukim, p\u00ebrballje me kultura t\u00eb ndryshme, dhezhvillim karakteri","_seopress_robots_index":"","inline_featured_image":false,"_uag_custom_page_level_css":""},"product_brand":[],"product_cat":[95],"product_tag":[],"class_list":{"0":"post-10790","1":"product","2":"type-product","3":"status-publish","4":"has-post-thumbnail","6":"product_cat-turne-en","7":"post-wrapper","8":"thrv_wrapper","10":"first","11":"instock","12":"virtual","13":"purchasable","14":"product-type-simple"},"acf":[],"uagb_featured_image_src":{"full":["https:\/\/dcfa.al\/wp-content\/uploads\/2025\/07\/Ultimate-Football-Tournament-Hollande-Oct.-2025.png",1397,787,false],"thumbnail":["https:\/\/dcfa.al\/wp-content\/uploads\/2025\/07\/Ultimate-Football-Tournament-Hollande-Oct.-2025-150x150.png",150,150,true],"medium":["https:\/\/dcfa.al\/wp-content\/uploads\/2025\/07\/Ultimate-Football-Tournament-Hollande-Oct.-2025-300x169.png",300,169,true],"medium_large":["https:\/\/dcfa.al\/wp-content\/uploads\/2025\/07\/Ultimate-Football-Tournament-Hollande-Oct.-2025-768x433.png",768,433,true],"large":["https:\/\/dcfa.al\/wp-content\/uploads\/2025\/07\/Ultimate-Football-Tournament-Hollande-Oct.-2025-1024x577.png",1024,577,true],"1536x1536":["https:\/\/dcfa.al\/wp-content\/uploads\/2025\/07\/Ultimate-Football-Tournament-Hollande-Oct.-2025.png",1397,787,false],"2048x2048":["https:\/\/dcfa.al\/wp-content\/uploads\/2025\/07\/Ultimate-Football-Tournament-Hollande-Oct.-2025.png",1397,787,false],"woocommerce_thumbnail":["https:\/\/dcfa.al\/wp-content\/uploads\/2025\/07\/Ultimate-Football-Tournament-Hollande-Oct.-2025-300x300.png",300,300,true],"woocommerce_single":["https:\/\/dcfa.al\/wp-content\/uploads\/2025\/07\/Ultimate-Football-Tournament-Hollande-Oct.-2025-600x338.png",600,338,true],"woocommerce_gallery_thumbnail":["https:\/\/dcfa.al\/wp-content\/uploads\/2025\/07\/Ultimate-Football-Tournament-Hollande-Oct.-2025-100x100.png",100,100,true]},"uagb_author_info":{"display_name":"Admin","author_link":"https:\/\/dcfa.al\/en\/author\/"},"uagb_comment_info":0,"uagb_excerpt":"Pjes\u00ebmarrje n\u00eb nj\u00eb nga turnet\u00eb m\u00eb prestigjioze t\u00eb Europ\u00ebs p\u00ebr grupmosh\u00ebn U11 Ballafaqim me ekipe nd\u00ebrkomb\u00ebtare dhe rritje p\u00ebrmes konkurrenc\u00ebs Edukim, p\u00ebrballje me kultura t\u00eb ndryshme, dhe zhvillim karakteri Kujdes: Afati i pages\u00ebs s\u00eb k\u00ebstit 1 \u00ebsht\u00eb data: 10 korrik 2025. Kujdes: Ky k\u00ebst nuk do mund t\u00eb rimbursohet!","_links":{"self":[{"href":"https:\/\/dcfa.al\/en\/wp-json\/wp\/v2\/product\/10790","targetHints":{"allow":["GET"]}}],"collection":[{"href":"https:\/\/dcfa.al\/en\/wp-json\/wp\/v2\/product"}],"about":[{"href":"https:\/\/dcfa.al\/en\/wp-json\/wp\/v2\/types\/product"}],"wp:featuredmedia":[{"embeddable":true,"href":"https:\/\/dcfa.al\/en\/wp-json\/wp\/v2\/media\/10787"}],"wp:attachment":[{"href":"https:\/\/dcfa.al\/en\/wp-json\/wp\/v2\/media?parent=10790"}],"wp:term":[{"taxonomy":"product_brand","embeddable":true,"href":"https:\/\/dcfa.al\/en\/wp-json\/wp\/v2\/product_brand?post=10790"},{"taxonomy":"product_cat","embeddable":true,"href":"https:\/\/dcfa.al\/en\/wp-json\/wp\/v2\/product_cat?post=10790"},{"taxonomy":"product_tag","embeddable":true,"href":"https:\/\/dcfa.al\/en\/wp-json\/wp\/v2\/product_tag?post=10790"}],"curies":[{"name":"wp","href":"https:\/\/api.w.org\/{rel}","templated":true}]}}